{"id":8751,"date":"2020-10-23T16:13:59","date_gmt":"2020-10-23T16:13:59","guid":{"rendered":"http:\/\/monstermovie.com.br\/light\/?page_id=8751"},"modified":"2023-10-05T13:34:42","modified_gmt":"2023-10-05T16:34:42","slug":"about-2","status":"publish","type":"page","link":"https:\/\/monstermovie.com.br\/light\/about-2\/","title":{"rendered":"ABOUT LIGHT"},"content":{"rendered":"<div class=\"wpb-content-wrapper\"><p>[vc_row content_text_aligment=&#8221;center&#8221; css=&#8221;.vc_custom_1508766565186{padding-top: 54px !important;}&#8221;][vc_column][vc_single_image image=&#8221;3750&#8243; img_size=&#8221;full&#8221; alignment=&#8221;center&#8221; css=&#8221;.vc_custom_1606583038389{margin-top: -20px !important;padding-top: -30px !important;}&#8221;][vc_single_image image=&#8221;5527&#8243; img_size=&#8221;full&#8221; onclick=&#8221;custom_link&#8221; css=&#8221;.vc_custom_1696523678588{margin-top: -60px !important;}&#8221; el_class=&#8221;botaoDark2&#8243; link=&#8221;https:\/\/monstermovie.com.br\/dark\/&#8221;]<h2 class=\"edgtf-custom-font-holder  edgtf-cf-8659  \" style=\"font-family: Playfair display;font-size: 45px;line-height: 70px;font-weight: 700;letter-spacing: 2.5px;text-transform: capitalize;text-align: center;color: #000000\" data-item-class=\"edgtf-cf-8659\">\n\t<\/h2>[\/vc_column][\/vc_row][vc_row content_text_aligment=&#8221;center&#8221; css=&#8221;.vc_custom_1606583029527{padding-top: 54px !important;}&#8221;][vc_column]<div class=\"edgtf-elements-holder   edgtf-one-column  edgtf-responsive-mode-768 \" ><div class=\"edgtf-eh-item    \"  data-item-class=\"edgtf-eh-custom-5920\" data-680=\"0 63px 0 63px\">\n\t<div class=\"edgtf-eh-item-inner\">\n\t\t<div class=\"edgtf-eh-item-content edgtf-eh-custom-5920\" style=\"padding: 0 0 0 0\">\n\t\t\t[vc_column_text][\/vc_column_text][vc_empty_space height=&#8221;10&#8243;][vc_raw_html]JTNDc3R5bGUlM0UlMEEubWVudS1ib3JkZXItYmxhY2slMkMlMjAubWVudS1ob3Zlci1ib3JkZXItYmxhY2slM0Fob3ZlciUyMCU3QiUwQSUyMCUyMCUyMCUyMGJvcmRlci1jb2xvciUzQSUyMCUyMzAwMCUyMWltcG9ydGFudCUzQiUwQSU3RCUwQSUwQS5tZW51LW1hcmdpbi10b3AlMjAlN0IlMEElMjAlMjAlMjAlMjBtYXJnaW4tdG9wJTNBJTIwMTZweCUyMWltcG9ydGFudCUzQiUwQSU3RCUwQS5tZW51LWJvcmRlciUyMCU3QiUwQSUyMCUyMCUyMCUyMGJvcmRlciUzQSUyMDFweCUyMHNvbGlkJTIwJTIzMDAwJTIxaW1wb3J0YW50JTNCJTBBJTIwJTIwJTIwJTIwYm9yZGVyLXJhZGl1cyUzQTJweCUzQiUwQSU3RCUwQS5tZW51LWNvbnRhaW5lciUyQyUyMC5tZW51LXBhbmVsJTIwJTdCJTBBJTIwJTIwJTIwJTIwcGFkZGluZyUzQSUyMDEuOWVtJTIwMTZweCUzQiUwQSUyMCUyMCUyMCUyMHRleHQtYWxpZ24lM0ElMjBjZW50ZXIlM0IlMEElMjAlMjAlMjB3aWR0aCUzQSUyMCUyRiUyQTU0OHB4JTJBJTJGNDMlMjUlM0IlMEElMjAlMjAlMjAlMkYlMkFtaW4td2lkdGglM0ElMjA1NDhweCUzQiUyQSUyRiUwQSUyMCUyMCUyMCUyMGRpc3BsYXklM0ElMjBpbmxpbmUtYmxvY2slM0IlMEElMjAlMjAlMjAlMjB2ZXJ0aWNhbC1hbGlnbiUzQSUyMHRvcCUzQiUwQSU3RCUwQSUyQSUyQyUyMCUyQSUzQWJlZm9yZSUyQyUyMCUyQSUzQWFmdGVyJTIwJTdCJTBBJTIwJTIwJTIwJTIwYm94LXNpemluZyUzQSUyMGluaGVyaXQlM0IlMEElN0QlMEElNDBtZWRpYSUyMG9ubHklMjBzY3JlZW4lMjBhbmQlMjAlMjhtYXgtd2lkdGglM0ElMjA2ODBweCUyOSUwQS5tZW51LWNvbnRhaW5lciUyQyUyMC5tZW51LXBhbmVsJTIwJTdCJTBBJTIwJTIwJTIwJTIwd2lkdGglM0ElMjAwcHglM0IlMEElMjAlMjAlMjBtaW4td2lkdGglM0ElMjAwcHglM0IlMEElN0QlMEElMEFkaXYlMjAlN0IlMEElMjAlMjAlMjAlMjBkaXNwbGF5JTNBJTIwYmxvY2slM0IlMEElN0QlMEEubWVudVBhZyUyMHAlMjAlN0IlMjBkaXNwbGF5JTNBJTIwaW5saW5lJTNCJTIwbWFyZ2luJTNBJTIwMTBweCUyMDEzcHglM0IlN0QlMEFoZWFkZXIuZWRndGYtcGFnZS1oZWFkZXIlMjAlMjAlN0IlMEElMjAlMjAlMjAlMjBkaXNwbGF5JTNBJTIwbm9uZSUyMCUyMWltcG9ydGFudCUzQiUwQSU3RCUwQSUwQWhlYWRlci5lZGd0Zi1tb2JpbGUtaGVhZGVyJTIwJTdCJTBBJTIwJTIwJTIwJTIwZGlzcGxheSUzQSUyMG5vbmUlMjAlMjFpbXBvcnRhbnQlM0IlMEElN0QlMEElM0MlMkZzdHlsZSUzRSUwQSUwQSUzQ2RpdiUyMGNsYXNzJTNEJTIybWVudS1jb250YWluZXIlMjBtZW51LWJvcmRlciUyMG1lbnUtYm9yZGVyLWJsYWNrJTIwbWVudS1tYXJnaW4tdG9wJTIwbWVudVBhZyUyMiUzRSUwQSUzQ3AlM0UlM0NhJTIwaHJlZiUzRCUyMmh0dHBzJTNBJTJGJTJGbW9uc3Rlcm1vdmllLmNvbS5iciUyRmxpZ2h0JTJGcGhvdG9ncmFwaGVycyUyMiUzRVBob3RvZ3JhcGhlcnMlM0MlMkZhJTNFJTNDJTJGcCUzRSUwQSUzQ3AlM0UlM0NhJTIwaHJlZiUzRCUyMmh0dHBzJTNBJTJGJTJGbW9uc3Rlcm1vdmllLmNvbS5iciUyRmxpZ2h0JTJGZGlyZXRvcmVzJTIyJTNFRGlyZWN0b3JzJTNDJTJGYSUzRSUzQyUyRnAlM0UlMEElM0NwJTNFJTNDYSUyMGhyZWYlM0QlMjJodHRwcyUzQSUyRiUyRm1vbnN0ZXJtb3ZpZS5jb20uYnIlMkZsaWdodCUyRmJlYXV0eS1zdHlsaXN0JTJGJTIyJTNFQmVhdXR5JTIwJTNDYiUyMHN0eWxlJTNEJTIyZm9udC13ZWlnaHQlM0ElMjAxMDAlM0Jmb250LXNpemUlM0ElMjAxNnB4JTNCJTIyJTNFJTI2JTNDJTJGYiUzRSUyMFN0eWxpc3QlM0MlMkZhJTNFJTNDJTJGcCUzRSUwQSUzQ3AlM0UlM0NhJTIwaHJlZiUzRCUyMmh0dHBzJTNBJTJGJTJGbW9uc3Rlcm1vdmllLmNvbS5iciUyRmxpZ2h0JTJGYXJ0cy1jcmFmdHMlMkYlMjIlM0VBcnRzJTIwJTNDYiUyMHN0eWxlJTNEJTIyZm9udC13ZWlnaHQlM0ElMjA2MCUyMCUyMWltcG9ydGFudCUzQiUyMGZvbnQtc2l6ZSUzQSUyMDE2cHglMjAlMjFpbXBvcnRhbnQlM0IlMjIlM0UlMjYlM0MlMkZiJTNFJTIwQ3JhZnRzJTNDJTJGYSUzRSUzQyUyRnAlM0UlMEElM0NwJTNFJTNDYSUyMGhyZWYlM0QlMjJodHRwcyUzQSUyRiUyRm1vbnN0ZXJtb3ZpZS5jb20uYnIlMkZsaWdodCUyRmNsaWVudGVzJTJGJTIyJTNFQ2xpZW50cyUzQyUyRmElM0UlM0MlMkZwJTNFJTBBJTNDcCUzRSUzQ2ElMjBocmVmJTNEJTIyaHR0cHMlM0ElMkYlMkZtb25zdGVybW92aWUuY29tLmJyJTJGbGlnaHQlMkZzdGFmZiUyRiUyMiUzRVN0YWZmJTNDJTJGYSUzRSUzQyUyRnAlM0UlMEElM0NwJTNFJTNDYSUyMGhyZWYlM0QlMjJodHRwcyUzQSUyRiUyRm1vbnN0ZXJtb3ZpZS5jb20uYnIlMkZsaWdodCUyRkFib3V0LTIlMjIlM0UlM0Nmb250JTIwY29sb3IlM0QlMjNBOUE5QTklM0VBYm91dCUzQyUyRmZvbnQlM0UlM0MlMkZhJTNFJTNDJTJGcCUzRSUwQSUzQ3AlM0UlM0NhJTIwaHJlZiUzRCUyMmh0dHBzJTNBJTJGJTJGbW9uc3Rlcm1vdmllLmNvbS5iciUyRmxpZ2h0JTJGY29udGFjdC11cyUyRiUyMiUzRUNvbnRhY3QlM0MlMkZhJTNFJTNDJTJGcCUzRSUwQSUzQ3AlM0UlM0NhJTIwaHJlZiUzRCUyMmh0dHBzJTNBJTJGJTJGbW9uc3Rlcm1vdmllLmNvbS5iciUyRmxpZ2h0JTJGbWFuaWZlc3QlMkYlMjIlM0VNYW5pZmVzdCUzQyUyRmElM0UlM0MlMkZwJTNFJTBBJTNDJTJGZGl2JTNF[\/vc_raw_html]\t\t<\/div>\n\t<\/div>\n<\/div><\/div>[\/vc_column][\/vc_row][vc_row css=&#8221;.vc_custom_1508832191594{padding-top: 50px !important;}&#8221;][vc_column]<div class=\"edgtf-background-subtitle edgtf-align-center edgtf-bs-parallax-yes\" style=\"font-size: 250px;color: #f2f2f2;opacity: 1\">\n\t<div class=\"edgtf-bs-inner\" data-parallax=\"{&quot;y&quot;: -100, &quot;smoothness&quot;: 10}\">\n\t    About\t<\/div>\n<\/div>[\/vc_column][\/vc_row][vc_row content_text_aligment=&#8221;center&#8221; el_class=&#8221;edgtf-landing-button&#8221; css=&#8221;.vc_custom_1606609610187{padding-right: 5% !important;padding-left: 10% !important;}&#8221;][vc_column]<div class=\"edgtf-parallax-holder\" data-parallax=\"{&quot;y&quot;: -100, &quot;smoothness&quot;: 20}\"><div class=\"edgtf-elements-holder   edgtf-one-column  edgtf-responsive-mode-768 \" ><div class=\"edgtf-eh-item    \"  data-item-class=\"edgtf-eh-custom-6202\" data-1024-1280=\"60px 0 148px 0\">\n\t<div class=\"edgtf-eh-item-inner\">\n\t\t<div class=\"edgtf-eh-item-content edgtf-eh-custom-6202\" style=\"padding: 60px 0 165px 0\">\n\t\t\t[vc_column_text]<\/p>\n<h1 style=\"text-align: center;\"><span style=\"color: \u201c#a9a9a9\u201d; font-family: \u201cRaleway,sans-serif;\">about<\/span><\/h1>\n<p>[\/vc_column_text][vc_column_text css=&#8221;.vc_custom_1607523694609{padding-right: 35px !important;padding-left: 35px !important;}&#8221;]<\/p>\n<p style=\"text-align: justify;\">A Monster Movie n\u2019 Mgmt atua no desenvolvimento e produ\u00e7\u00e3o de projetos de conte\u00fado, produ\u00e7\u00e3o de filme e foto, al\u00e9m de contar com um moderno e bem equipado est\u00fadio de capta\u00e7\u00e3o \u00e1udio, para a produ\u00e7\u00e3o de \u00e1udio, podcasts, spots de r\u00e1dio, dublagem e voz original de s\u00e9ries de Tv, curtas e longas-metragens. Somos respons\u00e1veis pelo agenciamento de alguns dos melhores profissionais do mercado de moda e publicit\u00e1rio: Diretores de cena e de fotografia, fot\u00f3grafos, beauty artists, stylists, craft designers e motion designers.<\/p>\n<p><!--more--><\/p>\n<p style=\"text-align: justify;\">Em 2017, estreou a s\u00e9rie Moda-O-Rama, outra coprodu\u00e7\u00e3o com a NBCUniversal, s\u00e9rie que apresenta uma vis\u00e3o mais abrangente e aprofundada do cen\u00e1rio de moda no Brasil, falando de assuntos como Diversidade, Auto-estima, Terceira Idade, Sneakers, Visual Merchandising, dentre outros assuntos. A s\u00e9rie \u00e9 exibida pelo canal E! Entertainment.<\/p>\n<p><!--more--><\/p>\n<p style=\"text-align: justify;\">Ao lado da HBO e do canal E!Entertainment, a Monster Movie coproduziu a s\u00e9rie Sound-\u00e0-Porter,que aborda os diversos estilos musicais brasileiros e sua moda peculiar, tendo como convidados, artistas do porte de\u00a0 Leila Pinheiro, Ivete Sangalo, Margareth Menezes, Sandra de S\u00e1, Faf\u00e1 de Bel\u00e9m, Sidney Magal, Wanderl\u00e9ia, Fernanda Takai, Fernando &amp; Sorocaba, Dudu Nobre, al\u00e9m de renomados produtores musicais como Ricky Bonadio, Carlos Eduardo Miranda, Afonso Nigro, Jo\u00e3o Marcelo Boscoli, dentre tantos outros. Sound-\u00e0-Porter contou com a participa\u00e7\u00e3o de mais de 90 grandes nomes da industria fonogr\u00e1fica e de moda brasileira.<\/p>\n<p><!--more--><\/p>\n<p style=\"text-align: justify;\">Em constante mudan\u00e7a, buscando inova\u00e7\u00e3o, melhorias profissional e tecnol\u00f3gica e focada em superar expectativas, a Monster Movie oferece tudo aquilo que o nosso cliente busca : tranquilidade na execu\u00e7\u00e3o, efici\u00eancia na finaliza\u00e7\u00e3o e excel\u00eancia na entrega de seus projetos.<\/p>\n<p><!--more--><\/p>\n<p><strong><br \/>\nMonster Movie n&#8217; Mgmt<\/strong>[\/vc_column_text]\t\t<\/div>\n\t<\/div>\n<\/div><\/div><\/div>[\/vc_column][\/vc_row][vc_row content_text_aligment=&#8221;center&#8221; el_class=&#8221;sub-footer&#8221;][vc_column width=&#8221;1\/2&#8243;][vc_column_text]\n<div class=\"wpcf7 no-js\" id=\"wpcf7-f7385-o1\" lang=\"pt-BR\" dir=\"ltr\" data-wpcf7-id=\"7385\">\n<div class=\"screen-reader-response\"><p role=\"status\" aria-live=\"polite\" aria-atomic=\"true\"><\/p> <ul><\/ul><\/div>\n<form action=\"\/light\/wp-json\/wp\/v2\/pages\/8751#wpcf7-f7385-o1\" method=\"post\" class=\"wpcf7-form init\" aria-label=\"Formul\u00e1rios de contato\" novalidate=\"novalidate\" data-status=\"init\">\n<fieldset class=\"hidden-fields-container\"><input type=\"hidden\" name=\"_wpcf7\" value=\"7385\" \/><input type=\"hidden\" name=\"_wpcf7_version\" value=\"6.1.5\" \/><input type=\"hidden\" name=\"_wpcf7_locale\" value=\"pt_BR\" \/><input type=\"hidden\" name=\"_wpcf7_unit_tag\" value=\"wpcf7-f7385-o1\" \/><input type=\"hidden\" name=\"_wpcf7_container_post\" value=\"0\" \/><input type=\"hidden\" name=\"_wpcf7_posted_data_hash\" value=\"\" \/>\n<\/fieldset>\n<div class=\"newsletter-form\">\n\t<div class=\"label\">\n\t\t<p>ASSINE NOSSA NEWSLETTER\n\t\t<\/p>\n\t<\/div>\n\t<div class=\"input-txt\">\n\t\t<p><span class=\"wpcf7-form-control-wrap\" data-name=\"your-email\"><input size=\"40\" maxlength=\"400\" class=\"wpcf7-form-control wpcf7-email wpcf7-validates-as-required wpcf7-text wpcf7-validates-as-email\" aria-required=\"true\" aria-invalid=\"false\" placeholder=\"Email\" value=\"\" type=\"email\" name=\"your-email\" \/><\/span>\n\t\t<\/p>\n\t<\/div>\n\t<div class=\"input-submit\">\n\t\t<p><input class=\"wpcf7-form-control wpcf7-submit has-spinner\" type=\"submit\" value=\"Enviar\" \/>\n\t\t<\/p>\n\t<\/div>\n<\/div><div class=\"wpcf7-response-output\" aria-hidden=\"true\"><\/div>\n<\/form>\n<\/div>\n[\/vc_column_text][\/vc_column][vc_column width=&#8221;1\/2&#8243; el_class=&#8221;copyright&#8221;][vc_column_text]\u00a9 2020 Monster Movie n&#8217; Mgmt &#8211; All Rights Reserved[\/vc_column_text][\/vc_column][\/vc_row]<\/p>\n<\/div>","protected":false},"excerpt":{"rendered":"<p>[vc_row content_text_aligment=&#8221;center&#8221; css=&#8221;.vc_custom_1508766565186{padding-top: 54px !important;}&#8221;][vc_column][vc_single_image image=&#8221;3750&#8243; img_size=&#8221;full&#8221; alignment=&#8221;center&#8221; css=&#8221;.vc_custom_1606583038389{margin-top: -20px !important;padding-top: -30px !important;}&#8221;][vc_single_image image=&#8221;5527&#8243; img_size=&#8221;full&#8221; onclick=&#8221;custom_link&#8221; css=&#8221;.vc_custom_1696523678588{margin-top: -60px !important;}&#8221; el_class=&#8221;botaoDark2&#8243; link=&#8221;https:\/\/monstermovie.com.br\/dark\/&#8221;][\/vc_column][\/vc_row][vc_row content_text_aligment=&#8221;center&#8221; css=&#8221;.vc_custom_1606583029527{padding-top: 54px !important;}&#8221;][vc_column][\/vc_column][\/vc_row][vc_row css=&#8221;.vc_custom_1508832191594{padding-top: 50px !important;}&#8221;][vc_column][\/vc_column][\/vc_row][vc_row content_text_aligment=&#8221;center&#8221; el_class=&#8221;edgtf-landing-button&#8221; css=&#8221;.vc_custom_1606609610187{padding-right: 5% !important;padding-left: 10% !important;}&#8221;][vc_column][vc_column_text] about [\/vc_column_text][vc_column_text css=&#8221;.vc_custom_1607523694609{padding-right: 35px !important;padding-left: [&hellip;]<\/p>\n","protected":false},"author":3,"featured_media":0,"parent":0,"menu_order":0,"comment_status":"closed","ping_status":"closed","template":"coming-soon-page.php","meta":{"footnotes":""},"class_list":["post-8751","page","type-page","status-publish","hentry"],"_links":{"self":[{"href":"https:\/\/monstermovie.com.br\/light\/wp-json\/wp\/v2\/pages\/8751","targetHints":{"allow":["GET"]}}],"collection":[{"href":"https:\/\/monstermovie.com.br\/light\/wp-json\/wp\/v2\/pages"}],"about":[{"href":"https:\/\/monstermovie.com.br\/light\/wp-json\/wp\/v2\/types\/page"}],"author":[{"embeddable":true,"href":"https:\/\/monstermovie.com.br\/light\/wp-json\/wp\/v2\/users\/3"}],"replies":[{"embeddable":true,"href":"https:\/\/monstermovie.com.br\/light\/wp-json\/wp\/v2\/comments?post=8751"}],"version-history":[{"count":4,"href":"https:\/\/monstermovie.com.br\/light\/wp-json\/wp\/v2\/pages\/8751\/revisions"}],"predecessor-version":[{"id":317347,"href":"https:\/\/monstermovie.com.br\/light\/wp-json\/wp\/v2\/pages\/8751\/revisions\/317347"}],"wp:attachment":[{"href":"https:\/\/monstermovie.com.br\/light\/wp-json\/wp\/v2\/media?parent=8751"}],"curies":[{"name":"wp","href":"https:\/\/api.w.org\/{rel}","templated":true}]}}