{"id":79478,"date":"2022-05-24T14:00:03","date_gmt":"2022-05-24T14:00:03","guid":{"rendered":"https:\/\/monstermovie.com.br\/light\/?page_id=79478"},"modified":"2023-12-18T15:57:15","modified_gmt":"2023-12-18T18:57:15","slug":"caio_vieira","status":"publish","type":"page","link":"https:\/\/monstermovie.com.br\/light\/caio_vieira\/","title":{"rendered":"Caio Vieira"},"content":{"rendered":"<div class=\"wpb-content-wrapper\"><p>[vc_row el_class=&#8221;director&#8221;][vc_column width=&#8221;1\/4&#8243; css=&#8221;.vc_custom_1605815001335{padding-left: 150px !important;}&#8221;][vc_column_text]<\/p>\n<h2 style=\"text-align: left;\"><strong>Caio Vieira<\/strong><\/h2>\n<p>[\/vc_column_text][vc_single_image image=&#8221;79481&#8243; img_size=&#8221;100&#215;100&#8243; style=&#8221;vc_box_rounded&#8221; css=&#8221;.vc_custom_1653401039465{margin-top: 30px !important;margin-right: 35px !important;margin-bottom: 30px !important;}&#8221;][vc_column_text]<\/p>\n<div style=\"text-align: left;\">\n<p>&nbsp;<\/p>\n<\/div>\n<div style=\"text-align: left;\">\n<p>Caio Vieira \u00e9 diretor de filmes publicit\u00e1rios direcionados \u00e0 internet. Iniciou sua carreira em 2018, em Belo Horizonte, com grande foco no mercado de moda, colaborando com importantes marcas como COVEN, ESSENCIALE e TUFI DUEK. Ainda nos primeiros anos, Caio tamb\u00e9m prestou assist\u00eancia em projetos audiovisuais na ELLE BRASIL.<\/p>\n<p>Mais tarde, tornou-se colaborador ass\u00edduo de designers da cena local que compartilhavam da sua vis\u00e3o de narrativas e de humor em v\u00eddeos de moda, rendendo uma s\u00e9rie de colabora\u00e7\u00f5es com marcas como CACETE COMPANY, ROCUS e OJAMBU.<\/p>\n<p>Percebendo sua habilidade em contar hist\u00f3rias, artistas mineiros o convidaram para dirigir videoclipes e outros projetos visuais na \u00e1rea musical. Realizou, assim, trabalhos com a banda LAMPARINA e o rapper DJONGA. Foi uma quest\u00e3o de tempo at\u00e9 Caio cair nas gra\u00e7as da publicidade, onde vem se firmando cada vez mais. Mudou-se para para S\u00e3o Paulo no in\u00edcio de 2022 e iniciou uma nova fase de colabora\u00e7\u00f5es com marcas e artistas como VOGUE EYEWEAR, EUDORA, MELISSA, CLOSE-UP, SEBASTIAN PROFESSIONAL, a cantora IZA, MARINA SENA entre outras. Em 2022 colaborou com a revista L\u2019OFFICIEL BRASIL em capas com Camila Queiroz e Chay Suede \u2014 esse \u00faltimo resultou em um viral de mais de um milh\u00e3o de vizualiza\u00e7\u00f5es.<\/p>\n<\/div>\n<p>[\/vc_column_text][\/vc_column][vc_column width=&#8221;3\/4&#8243; css=&#8221;.vc_custom_1606575599419{background-position: center !important;background-repeat: no-repeat !important;background-size: contain !important;}&#8221;][vc_video link=&#8221;https:\/\/vimeo.com\/709175591&#8243;][\/vc_column][\/vc_row]<\/p>\n<\/div>","protected":false},"excerpt":{"rendered":"<p>[vc_row el_class=&#8221;director&#8221;][vc_column width=&#8221;1\/4&#8243; css=&#8221;.vc_custom_1605815001335{padding-left: 150px !important;}&#8221;][vc_column_text] Caio Vieira [\/vc_column_text][vc_single_image image=&#8221;79481&#8243; img_size=&#8221;100&#215;100&#8243; style=&#8221;vc_box_rounded&#8221; css=&#8221;.vc_custom_1653401039465{margin-top: 30px !important;margin-right: 35px !important;margin-bottom: 30px !important;}&#8221;][vc_column_text] &nbsp; Caio Vieira \u00e9 diretor de filmes publicit\u00e1rios direcionados \u00e0 internet. Iniciou sua carreira em 2018, em Belo Horizonte, com grande [&hellip;]<\/p>\n","protected":false},"author":2,"featured_media":0,"parent":0,"menu_order":0,"comment_status":"closed","ping_status":"closed","template":"full-width.php","meta":{"footnotes":""},"class_list":["post-79478","page","type-page","status-publish","hentry"],"_links":{"self":[{"href":"https:\/\/monstermovie.com.br\/light\/wp-json\/wp\/v2\/pages\/79478","targetHints":{"allow":["GET"]}}],"collection":[{"href":"https:\/\/monstermovie.com.br\/light\/wp-json\/wp\/v2\/pages"}],"about":[{"href":"https:\/\/monstermovie.com.br\/light\/wp-json\/wp\/v2\/types\/page"}],"author":[{"embeddable":true,"href":"https:\/\/monstermovie.com.br\/light\/wp-json\/wp\/v2\/users\/2"}],"replies":[{"embeddable":true,"href":"https:\/\/monstermovie.com.br\/light\/wp-json\/wp\/v2\/comments?post=79478"}],"version-history":[{"count":2,"href":"https:\/\/monstermovie.com.br\/light\/wp-json\/wp\/v2\/pages\/79478\/revisions"}],"predecessor-version":[{"id":199648,"href":"https:\/\/monstermovie.com.br\/light\/wp-json\/wp\/v2\/pages\/79478\/revisions\/199648"}],"wp:attachment":[{"href":"https:\/\/monstermovie.com.br\/light\/wp-json\/wp\/v2\/media?parent=79478"}],"curies":[{"name":"wp","href":"https:\/\/api.w.org\/{rel}","templated":true}]}}