{"id":7604,"date":"2020-09-19T21:36:15","date_gmt":"2020-09-19T21:36:15","guid":{"rendered":"http:\/\/monstermovie.com.br\/light\/?page_id=7604"},"modified":"2022-01-03T20:01:30","modified_gmt":"2022-01-03T20:01:30","slug":"natacha-mantovani","status":"publish","type":"page","link":"https:\/\/monstermovie.com.br\/light\/natacha-mantovani\/","title":{"rendered":"Natacha Mantovani"},"content":{"rendered":"<div class=\"wpb-content-wrapper\"><p>[vc_row el_class=&#8221;director&#8221;][vc_column width=&#8221;1\/4&#8243; css=&#8221;.vc_custom_1605815471599{padding-left: 150px !important;}&#8221;][vc_column_text]<\/p>\n<h2 style=\"text-align: left;\"><strong>Natacha Mantovani<\/strong><\/h2>\n<p>[\/vc_column_text][vc_single_image image=&#8221;7609&#8243; img_size=&#8221;100&#215;100&#8243; style=&#8221;vc_box_rounded&#8221; css=&#8221;.vc_custom_1605815457643{margin-top: 30px !important;margin-right: 35px !important;margin-bottom: 30px !important;}&#8221;][vc_column_text]<\/p>\n<div style=\"text-align: left;\">Formada em artes visuais pela University of the Arts, de Londres, Natacha iniciou sua carreira ainda enquanto estudava e seu per\u00edodo na Europa lhe propiciou contato pr\u00f3ximo com o ber\u00e7o da moda, o que lhe rendeu uma vis\u00e3o est\u00e9tica singular, tendo alguns trabalhos publicados em revistas de grande renome como a L&#8217;Officiel It\u00e1lia, Desire Magazine, Dreamingless Magazine. Desde que voltou para o Brasil, Natacha assinou diversos fashion filmes para marcas e revistas de moda.<\/div>\n<p>[\/vc_column_text][\/vc_column][vc_column width=&#8221;3\/4&#8243; css=&#8221;.vc_custom_1605817706535{background-position: center !important;background-repeat: no-repeat !important;background-size: contain !important;}&#8221;][vc_video link=&#8221;https:\/\/vimeo.com\/662049714&#8243;][\/vc_column][\/vc_row]<\/p>\n<\/div>","protected":false},"excerpt":{"rendered":"<p>[vc_row el_class=&#8221;director&#8221;][vc_column width=&#8221;1\/4&#8243; css=&#8221;.vc_custom_1605815471599{padding-left: 150px !important;}&#8221;][vc_column_text] Natacha Mantovani [\/vc_column_text][vc_single_image image=&#8221;7609&#8243; img_size=&#8221;100&#215;100&#8243; style=&#8221;vc_box_rounded&#8221; css=&#8221;.vc_custom_1605815457643{margin-top: 30px !important;margin-right: 35px !important;margin-bottom: 30px !important;}&#8221;][vc_column_text] Formada em artes visuais pela University of the Arts, de Londres, Natacha iniciou sua carreira ainda enquanto estudava e seu per\u00edodo [&hellip;]<\/p>\n","protected":false},"author":2,"featured_media":0,"parent":0,"menu_order":0,"comment_status":"closed","ping_status":"closed","template":"full-width.php","meta":{"footnotes":""},"class_list":["post-7604","page","type-page","status-publish","hentry"],"_links":{"self":[{"href":"https:\/\/monstermovie.com.br\/light\/wp-json\/wp\/v2\/pages\/7604","targetHints":{"allow":["GET"]}}],"collection":[{"href":"https:\/\/monstermovie.com.br\/light\/wp-json\/wp\/v2\/pages"}],"about":[{"href":"https:\/\/monstermovie.com.br\/light\/wp-json\/wp\/v2\/types\/page"}],"author":[{"embeddable":true,"href":"https:\/\/monstermovie.com.br\/light\/wp-json\/wp\/v2\/users\/2"}],"replies":[{"embeddable":true,"href":"https:\/\/monstermovie.com.br\/light\/wp-json\/wp\/v2\/comments?post=7604"}],"version-history":[{"count":0,"href":"https:\/\/monstermovie.com.br\/light\/wp-json\/wp\/v2\/pages\/7604\/revisions"}],"wp:attachment":[{"href":"https:\/\/monstermovie.com.br\/light\/wp-json\/wp\/v2\/media?parent=7604"}],"curies":[{"name":"wp","href":"https:\/\/api.w.org\/{rel}","templated":true}]}}