{"id":7583,"date":"2020-09-19T21:08:01","date_gmt":"2020-09-19T21:08:01","guid":{"rendered":"http:\/\/monstermovie.com.br\/light\/?page_id=7583"},"modified":"2024-06-05T14:50:34","modified_gmt":"2024-06-05T17:50:34","slug":"vinicius-cole","status":"publish","type":"page","link":"https:\/\/monstermovie.com.br\/light\/vinicius-cole\/","title":{"rendered":"Vinicius Cole"},"content":{"rendered":"<div class=\"wpb-content-wrapper\"><p>[vc_row el_class=&#8221;director&#8221;][vc_column width=&#8221;1\/4&#8243; css=&#8221;.vc_custom_1605811639496{padding-left: 150px !important;}&#8221;][vc_column_text]<\/p>\n<h2 style=\"text-align: left;\"><strong>Vinicius Col\u00e9<\/strong><\/h2>\n<p>[\/vc_column_text][vc_single_image image=&#8221;7589&#8243; img_size=&#8221;100&#215;100&#8243; style=&#8221;vc_box_rounded&#8221; css=&#8221;.vc_custom_1605810474396{margin-top: 30px !important;margin-right: 35px !important;margin-bottom: 30px !important;}&#8221;][vc_column_text]<\/p>\n<div style=\"text-align: left;\">Fot\u00f3grafo inquieto e apaixonado pelo audiovisual, divide sua carreira entre filmes documentais, publicidade e videoarte. Desde 2007 documenta cenas, pessoas e criando narrativas a partir do que observa. A cada novo trabalho, busca diferentes formas de pensar a imagem a partir de hist\u00f3rias ainda n\u00e3o contadas. Com um olhar atento \u00e0s cenas do cotidiano, busca na produ\u00e7\u00e3o cinematogr\u00e1fica uma forma de se expressar.<\/div>\n<div style=\"text-align: left;\">Costuma dizer que: &#8220;O melhor frame \u00e9 aquele que ainda est\u00e1 por vir&#8221;.<\/div>\n<p>[\/vc_column_text][\/vc_column][vc_column width=&#8221;3\/4&#8243; css=&#8221;.vc_custom_1605817847982{background-position: center !important;background-repeat: no-repeat !important;background-size: contain !important;}&#8221;][vc_video link=&#8221;https:\/\/vimeo.com\/945338861&#8243;][\/vc_column][\/vc_row]<\/p>\n<\/div>","protected":false},"excerpt":{"rendered":"<p>[vc_row el_class=&#8221;director&#8221;][vc_column width=&#8221;1\/4&#8243; css=&#8221;.vc_custom_1605811639496{padding-left: 150px !important;}&#8221;][vc_column_text] Vinicius Col\u00e9 [\/vc_column_text][vc_single_image image=&#8221;7589&#8243; img_size=&#8221;100&#215;100&#8243; style=&#8221;vc_box_rounded&#8221; css=&#8221;.vc_custom_1605810474396{margin-top: 30px !important;margin-right: 35px !important;margin-bottom: 30px !important;}&#8221;][vc_column_text] Fot\u00f3grafo inquieto e apaixonado pelo audiovisual, divide sua carreira entre filmes documentais, publicidade e videoarte. Desde 2007 documenta cenas, pessoas e [&hellip;]<\/p>\n","protected":false},"author":2,"featured_media":0,"parent":0,"menu_order":0,"comment_status":"closed","ping_status":"closed","template":"full-width.php","meta":{"footnotes":""},"class_list":["post-7583","page","type-page","status-publish","hentry"],"_links":{"self":[{"href":"https:\/\/monstermovie.com.br\/light\/wp-json\/wp\/v2\/pages\/7583","targetHints":{"allow":["GET"]}}],"collection":[{"href":"https:\/\/monstermovie.com.br\/light\/wp-json\/wp\/v2\/pages"}],"about":[{"href":"https:\/\/monstermovie.com.br\/light\/wp-json\/wp\/v2\/types\/page"}],"author":[{"embeddable":true,"href":"https:\/\/monstermovie.com.br\/light\/wp-json\/wp\/v2\/users\/2"}],"replies":[{"embeddable":true,"href":"https:\/\/monstermovie.com.br\/light\/wp-json\/wp\/v2\/comments?post=7583"}],"version-history":[{"count":2,"href":"https:\/\/monstermovie.com.br\/light\/wp-json\/wp\/v2\/pages\/7583\/revisions"}],"predecessor-version":[{"id":317535,"href":"https:\/\/monstermovie.com.br\/light\/wp-json\/wp\/v2\/pages\/7583\/revisions\/317535"}],"wp:attachment":[{"href":"https:\/\/monstermovie.com.br\/light\/wp-json\/wp\/v2\/media?parent=7583"}],"curies":[{"name":"wp","href":"https:\/\/api.w.org\/{rel}","templated":true}]}}