{"id":7572,"date":"2020-09-19T20:50:53","date_gmt":"2020-09-19T20:50:53","guid":{"rendered":"http:\/\/monstermovie.com.br\/light\/?page_id=7572"},"modified":"2021-03-05T12:25:49","modified_gmt":"2021-03-05T12:25:49","slug":"karine-basilio","status":"publish","type":"page","link":"https:\/\/monstermovie.com.br\/light\/karine-basilio\/","title":{"rendered":"Karine Basilio"},"content":{"rendered":"<div class=\"wpb-content-wrapper\"><p>[vc_row el_class=&#8221;director&#8221;][vc_column width=&#8221;1\/4&#8243; css=&#8221;.vc_custom_1605815364898{padding-left: 150px !important;}&#8221;][vc_column_text]<\/p>\n<h2 style=\"text-align: left;\"><strong>Karine Basilio<\/strong><\/h2>\n<p>[\/vc_column_text][vc_single_image image=&#8221;7591&#8243; img_size=&#8221;100&#215;100&#8243; style=&#8221;vc_box_rounded&#8221; css=&#8221;.vc_custom_1605815350529{margin-top: 30px !important;margin-right: 35px !important;margin-bottom: 30px !important;}&#8221;][vc_column_text]<\/p>\n<div style=\"text-align: left;\">\n<p style=\"text-align: center;\"><span style=\"font-family: roboto; color: #777; font-size: 16px; font-weight: 300; letter-spacing: 0.5px; line-height: 18px;\">Formada em Publicidade e Propaganda, com especializa\u00e7\u00e3o em fotografia pela UCBerrkeley S\u00e3o Francisco, ICP e SVA de Nova Iorque. Iniciou sua carreira como fot\u00f3grafa em S\u00e3o Paulo em 2001 colaborando com v\u00e1rias revistas femininas do Grupo Abril e na publicidade com grandes ag\u00eancias. <\/span><\/p>\n<p style=\"text-align: center;\"><span style=\"font-family: roboto; color: #777; font-size: 16px; font-weight: 300; letter-spacing: 0.5px; line-height: 18px;\">Mudou-se para Nova Iorque, no ano de 2007, em busca do seu crescimento profissional, onde ficou por alguns anos. Em retorno ao Brasil, conquistou o mercado da moda e publicidade com uma linguagem sens\u00edvel e delicada. <\/span><\/p>\n<p style=\"text-align: center;\"><span style=\"font-family: roboto; color: #777; font-size: 16px; font-weight: 300; letter-spacing: 0.5px; line-height: 18px;\">Seu trabalho j\u00e1 foi publicado em revistas como Harpers Bazaar, Marie Claire, L&#8217;Officiel, Glamour, GQ, <\/span><span style=\"font-family: roboto; color: #777; font-size: 16px; font-weight: 300; letter-spacing: 0.5px; line-height: 18px;\">In Style, Vanity Fair, Zink, Fashion Canada, The One, dentre outras.<\/span><\/p>\n<\/div>\n<p>[\/vc_column_text][\/vc_column][vc_column width=&#8221;3\/4&#8243; css=&#8221;.vc_custom_1605817836400{background-position: center !important;background-repeat: no-repeat !important;background-size: contain !important;}&#8221;][vc_video link=&#8221;https:\/\/vimeo.com\/513986017&#8243;][\/vc_column][\/vc_row]<\/p>\n<\/div>","protected":false},"excerpt":{"rendered":"<p>[vc_row el_class=&#8221;director&#8221;][vc_column width=&#8221;1\/4&#8243; css=&#8221;.vc_custom_1605815364898{padding-left: 150px !important;}&#8221;][vc_column_text] Karine Basilio [\/vc_column_text][vc_single_image image=&#8221;7591&#8243; img_size=&#8221;100&#215;100&#8243; style=&#8221;vc_box_rounded&#8221; css=&#8221;.vc_custom_1605815350529{margin-top: 30px !important;margin-right: 35px !important;margin-bottom: 30px !important;}&#8221;][vc_column_text] Formada em Publicidade e Propaganda, com especializa\u00e7\u00e3o em fotografia pela UCBerrkeley S\u00e3o Francisco, ICP e SVA de Nova Iorque. Iniciou sua [&hellip;]<\/p>\n","protected":false},"author":2,"featured_media":0,"parent":0,"menu_order":0,"comment_status":"closed","ping_status":"closed","template":"full-width.php","meta":{"footnotes":""},"class_list":["post-7572","page","type-page","status-publish","hentry"],"_links":{"self":[{"href":"https:\/\/monstermovie.com.br\/light\/wp-json\/wp\/v2\/pages\/7572","targetHints":{"allow":["GET"]}}],"collection":[{"href":"https:\/\/monstermovie.com.br\/light\/wp-json\/wp\/v2\/pages"}],"about":[{"href":"https:\/\/monstermovie.com.br\/light\/wp-json\/wp\/v2\/types\/page"}],"author":[{"embeddable":true,"href":"https:\/\/monstermovie.com.br\/light\/wp-json\/wp\/v2\/users\/2"}],"replies":[{"embeddable":true,"href":"https:\/\/monstermovie.com.br\/light\/wp-json\/wp\/v2\/comments?post=7572"}],"version-history":[{"count":0,"href":"https:\/\/monstermovie.com.br\/light\/wp-json\/wp\/v2\/pages\/7572\/revisions"}],"wp:attachment":[{"href":"https:\/\/monstermovie.com.br\/light\/wp-json\/wp\/v2\/media?parent=7572"}],"curies":[{"name":"wp","href":"https:\/\/api.w.org\/{rel}","templated":true}]}}