{"id":7556,"date":"2020-09-19T17:09:09","date_gmt":"2020-09-19T17:09:09","guid":{"rendered":"http:\/\/monstermovie.com.br\/light\/?page_id=7556"},"modified":"2021-03-04T20:27:18","modified_gmt":"2021-03-04T20:27:18","slug":"ivan-mena","status":"publish","type":"page","link":"https:\/\/monstermovie.com.br\/light\/ivan-mena\/","title":{"rendered":"Ivan Mena"},"content":{"rendered":"<div class=\"wpb-content-wrapper\"><p>[vc_row el_class=&#8221;director&#8221;][vc_column width=&#8221;1\/4&#8243; css=&#8221;.vc_custom_1605815001335{padding-left: 150px !important;}&#8221;][vc_column_text]<\/p>\n<h2 style=\"text-align: left;\"><strong>Iv\u00e1n Mena<\/strong><\/h2>\n<p>[\/vc_column_text][vc_single_image image=&#8221;7593&#8243; img_size=&#8221;100&#215;100&#8243; style=&#8221;vc_box_rounded&#8221; css=&#8221;.vc_custom_1605814969071{margin-top: 30px !important;margin-right: 35px !important;margin-bottom: 30px !important;}&#8221;][vc_column_text]<\/p>\n<div style=\"text-align: left;\">Iv\u00e1n Mena atua como diretor no mercado publicit\u00e1rio internacional. Inovador, \u00e1gil e diversificado, em 2003 se associou \u00e0 Double Negative e juntos foram os vencedores do Oscar em efeitos visuais por &#8220;Inception&#8221; e &#8220;INTERSTELLAR&#8221;, de Christopher Nolan. No ano de 2007, iniciou sua carreira como diretor de filmes publicit\u00e1rios e v\u00eddeos musicais, ganhando mais de 20 pr\u00eamios internacionais.<\/div>\n<div style=\"text-align: left;\">Seu mais recente projeto \u00e9 o curta-metragem &#8220;Atrav\u00e9s do espelho&#8221; que venceu, at\u00e9 o momento, 4 pr\u00eamios internacionais e esteve na sele\u00e7\u00e3o oficial de 20 dos melhores festivais de cinema mundialmente reconhecidos.<\/div>\n<div style=\"text-align: left;\"><\/div>\n<p>[\/vc_column_text][vc_single_image image=&#8221;8916&#8243; img_size=&#8221;full&#8221; onclick=&#8221;custom_link&#8221; link=&#8221;https:\/\/www.imdb.com\/name\/nm1720982\/&#8221;][\/vc_column][vc_column width=&#8221;3\/4&#8243; css=&#8221;.vc_custom_1606575599419{background-position: center !important;background-repeat: no-repeat !important;background-size: contain !important;}&#8221;][vc_video link=&#8221;https:\/\/vimeo.com\/508441168&#8243;][\/vc_column][\/vc_row]<\/p>\n<\/div>","protected":false},"excerpt":{"rendered":"<p>[vc_row el_class=&#8221;director&#8221;][vc_column width=&#8221;1\/4&#8243; css=&#8221;.vc_custom_1605815001335{padding-left: 150px !important;}&#8221;][vc_column_text] Iv\u00e1n Mena [\/vc_column_text][vc_single_image image=&#8221;7593&#8243; img_size=&#8221;100&#215;100&#8243; style=&#8221;vc_box_rounded&#8221; css=&#8221;.vc_custom_1605814969071{margin-top: 30px !important;margin-right: 35px !important;margin-bottom: 30px !important;}&#8221;][vc_column_text] Iv\u00e1n Mena atua como diretor no mercado publicit\u00e1rio internacional. Inovador, \u00e1gil e diversificado, em 2003 se associou \u00e0 Double Negative e [&hellip;]<\/p>\n","protected":false},"author":2,"featured_media":0,"parent":0,"menu_order":0,"comment_status":"closed","ping_status":"closed","template":"full-width.php","meta":{"footnotes":""},"class_list":["post-7556","page","type-page","status-publish","hentry"],"_links":{"self":[{"href":"https:\/\/monstermovie.com.br\/light\/wp-json\/wp\/v2\/pages\/7556","targetHints":{"allow":["GET"]}}],"collection":[{"href":"https:\/\/monstermovie.com.br\/light\/wp-json\/wp\/v2\/pages"}],"about":[{"href":"https:\/\/monstermovie.com.br\/light\/wp-json\/wp\/v2\/types\/page"}],"author":[{"embeddable":true,"href":"https:\/\/monstermovie.com.br\/light\/wp-json\/wp\/v2\/users\/2"}],"replies":[{"embeddable":true,"href":"https:\/\/monstermovie.com.br\/light\/wp-json\/wp\/v2\/comments?post=7556"}],"version-history":[{"count":0,"href":"https:\/\/monstermovie.com.br\/light\/wp-json\/wp\/v2\/pages\/7556\/revisions"}],"wp:attachment":[{"href":"https:\/\/monstermovie.com.br\/light\/wp-json\/wp\/v2\/media?parent=7556"}],"curies":[{"name":"wp","href":"https:\/\/api.w.org\/{rel}","templated":true}]}}