{"id":7010,"date":"2020-09-13T00:35:58","date_gmt":"2020-09-13T00:35:58","guid":{"rendered":"http:\/\/monstermovie.com.br\/light\/?page_id=7010"},"modified":"2021-03-05T12:48:46","modified_gmt":"2021-03-05T12:48:46","slug":"sylist-aline-meni","status":"publish","type":"page","link":"https:\/\/monstermovie.com.br\/light\/sylist-aline-meni\/","title":{"rendered":"Sylist Aline Meni"},"content":{"rendered":"<div class=\"wpb-content-wrapper\"><p>[vc_row row_content_width=&#8221;grid&#8221; css=&#8221;.vc_custom_1506348892881{padding-top: 100px !important;}&#8221;][vc_column css=&#8221;.vc_custom_1606747610252{margin-top: -120px !important;}&#8221;]<div class=\"edgtf-elements-holder   edgtf-one-column  edgtf-responsive-mode-768 \" ><div class=\"edgtf-eh-item    \"  data-item-class=\"edgtf-eh-custom-6783\" data-1024-1280=\"0 9% 0 9%\" data-768-1024=\"0 4% 0 4%\" data-680-768=\"0 0% 0 0%\" data-680=\"0 4% 0 4%\">\n\t<div class=\"edgtf-eh-item-inner\">\n\t\t<div class=\"edgtf-eh-item-content edgtf-eh-custom-6783\" style=\"padding: 0 15% 0 15%\">\n\t\t\t[vc_column_text]<\/p>\n<h1 style=\"text-align: left;\"><span style=\"font-family: roboto; color: #777; font-size: 30px; font-weight: 300; letter-spacing: 0.7px; line-height: 28px;\"><strong>Aline Meni<\/strong><\/span><\/h1>\n<p style=\"text-align: left;\"><span style=\"font-family: roboto; color: #777; font-size: 16px; font-weight: 300; letter-spacing: 0.5px; line-height: 28px;\">Stylist e Consultora de Estilo, Aline \u00e9 conhecida pela criatividade e por ir al\u00e9m da constru\u00e7\u00e3o da imagem, pois durante seu processo criativo, desenvolve pe\u00e7as e acess\u00f3rios que agregam significativo valor est\u00e9tico, conceitual e institucional \u00e0 marca. Na passarela esteve presente em v\u00e1rias edi\u00e7\u00f5es do MTP assinando Jardin e Patr\u00edcia Motta. Na SPFW, por Jardin e Juliana Jabour. Como consultora de estilo, deu in\u00edcio as marcas M. AKT e Lina Brand, al\u00e9m de collabs de sucesso como Romaria e Patchoulee.<\/span><\/p>\n<p>[\/vc_column_text]\t\t<\/div>\n\t<\/div>\n<\/div><\/div>[\/vc_column][\/vc_row][vc_row css=&#8221;.vc_custom_1603408906156{padding-top: 200px !important;padding-left: 10px !important;}&#8221;][vc_column css=&#8221;.vc_custom_1606748930612{margin-top: -140px !important;margin-left: 20px !important;}&#8221;]<div class=\"edgtf-background-subtitle edgtf-align-left edgtf-bs-parallax-yes\" style=\"font-size: 150px\">\n\t<div class=\"edgtf-bs-inner\" data-parallax=\"{&quot;y&quot;: -80, &quot;smoothness&quot;: 10}\">\n\t    work\t<\/div>\n<\/div>[\/vc_column][\/vc_row][vc_row row_content_width=&#8221;grid&#8221; css=&#8221;.vc_custom_1606748660227{padding-left: 80px !important;}&#8221;][vc_column css=&#8221;.vc_custom_1606748981020{margin-top: -180px !important;margin-left: -20px !important;}&#8221;]<div class=\"edgtf-portfolio-slider-holder\"><div class=\"edgtf-portfolio-list-holder edgtf-pl-gallery edgtf-normal-space edgtf-pl-two-columns edgtf-pl-standard-shader    edgtf-pl-pag-no-pagination    edgtf-nav-light-skin  edgtf-pag-below-slider\"  data-type=\"gallery\" data-number-of-columns=\"2\" data-space-between-items=\"normal\" data-number-of-items=\"9\" data-image-proportions=\"full\" data-enable-fixed-proportions=\"no\" data-enable-image-shadow=\"no\" data-selected-projects=\"7061, 10871\" data-order-by=\"date\" data-order=\"ASC\" data-item-style=\"standard-shader\" data-enable-title=\"yes\" data-title-tag=\"h4\" data-enable-category=\"no\" data-enable-count-images=\"no\" data-enable-excerpt=\"no\" data-excerpt-length=\"20\" data-pagination-type=\"no-pagination\" data-filter=\"no\" data-filter-order-by=\"name\" data-enable-article-animation=\"no\" data-enable-parallax-animation=\"no\" data-portfolio-slider-on=\"yes\" data-enable-loop=\"no\" data-enable-autoplay=\"yes\" data-slider-speed=\"5000\" data-slider-speed-animation=\"600\" data-enable-navigation=\"yes\" data-navigation-skin=\"light\" data-enable-pagination=\"no\" data-pagination-position=\"below-slider\" data-max-num-pages=\"1\" data-next-page=\"2\">\n\t\t<div class=\"edgtf-pl-inner edgtf-outer-space edgtf-owl-slider edgtf-pl-is-slider clearfix\">\n\t\t<article class=\"edgtf-pl-item edgtf-item-space  post-7061 portfolio-item type-portfolio-item status-publish has-post-thumbnail hentry portfolio-category-branding-illustration portfolio-tag-colors\">\n\t<div class=\"edgtf-pl-item-inner\" >\n\t\t<div class=\"edgtf-pli-image\">\n\t<img loading=\"lazy\" decoding=\"async\" width=\"440\" height=\"452\" src=\"https:\/\/monstermovie.com.br\/light\/wp-content\/uploads\/2020\/09\/thumb37-1.png\" class=\"attachment-full size-full wp-post-image\" alt=\"\" srcset=\"https:\/\/monstermovie.com.br\/light\/wp-content\/uploads\/2020\/09\/thumb37-1.png 440w, https:\/\/monstermovie.com.br\/light\/wp-content\/uploads\/2020\/09\/thumb37-1-292x300.png 292w\" sizes=\"auto, (max-width: 440px) 100vw, 440px\" \/><\/div><div class=\"edgtf-pli-text-holder\">\n\t<div class=\"edgtf-pli-text-wrapper\">\n\t\t<div class=\"edgtf-pli-text\">\n\t\t\t\t<h4 itemprop=\"name\" class=\"edgtf-pli-title entry-title\" >\n\t\tStylist e Consultora de Estilo\t<\/h4>\n\n\t\t\t\n\t\t\t\n\t\t\t\t\t<\/div>\n\t<\/div>\n<\/div>\n\t\t<a itemprop=\"url\" class=\"edgtf-pli-link edgtf-block-drag-link\" href=\"https:\/\/monstermovie.com.br\/light\/portfolio-item\/stylist-aline-meni\/\" target=\"_self\"><\/a>\n\t<\/div>\n<\/article><article class=\"edgtf-pl-item edgtf-item-space  post-10871 portfolio-item type-portfolio-item status-publish has-post-thumbnail hentry portfolio-category-branding portfolio-tag-aline-meni\">\n\t<div class=\"edgtf-pl-item-inner\" >\n\t\t<div class=\"edgtf-pli-image\">\n\t<img loading=\"lazy\" decoding=\"async\" width=\"300\" height=\"450\" src=\"https:\/\/monstermovie.com.br\/light\/wp-content\/uploads\/2020\/12\/aline-meni-thumb-kids.jpg\" class=\"attachment-full size-full wp-post-image\" alt=\"\" srcset=\"https:\/\/monstermovie.com.br\/light\/wp-content\/uploads\/2020\/12\/aline-meni-thumb-kids.jpg 300w, https:\/\/monstermovie.com.br\/light\/wp-content\/uploads\/2020\/12\/aline-meni-thumb-kids-200x300.jpg 200w\" sizes=\"auto, (max-width: 300px) 100vw, 300px\" \/><\/div><div class=\"edgtf-pli-text-holder\">\n\t<div class=\"edgtf-pli-text-wrapper\">\n\t\t<div class=\"edgtf-pli-text\">\n\t\t\t\t<h4 itemprop=\"name\" class=\"edgtf-pli-title entry-title\" >\n\t\tKids\t<\/h4>\n\n\t\t\t\n\t\t\t\n\t\t\t\t\t<\/div>\n\t<\/div>\n<\/div>\n\t\t<a itemprop=\"url\" class=\"edgtf-pli-link edgtf-block-drag-link\" href=\"https:\/\/monstermovie.com.br\/light\/portfolio-item\/aline-meni-kids\/\" target=\"_self\"><\/a>\n\t<\/div>\n<\/article>\t<\/div>\n\t\n\t<\/div><\/div>[\/vc_column][\/vc_row][vc_row css=&#8221;.vc_custom_1506436173091{padding-top: 26px !important;padding-left: 15px !important;}&#8221;][vc_column]<div class=\"edgtf-background-subtitle edgtf-align-right edgtf-bs-parallax-yes\" style=\"font-size: 180px\">\n\t<div class=\"edgtf-bs-inner\" data-parallax=\"{&quot;y&quot;: -300, &quot;smoothness&quot;: 10}\">\n\t    Aline Meni\t<\/div>\n<\/div>[\/vc_column][\/vc_row]<\/p>\n<\/div>","protected":false},"excerpt":{"rendered":"<p>[vc_row row_content_width=&#8221;grid&#8221; css=&#8221;.vc_custom_1506348892881{padding-top: 100px !important;}&#8221;][vc_column css=&#8221;.vc_custom_1606747610252{margin-top: -120px !important;}&#8221;][\/vc_column][\/vc_row][vc_row css=&#8221;.vc_custom_1603408906156{padding-top: 200px !important;padding-left: 10px !important;}&#8221;][vc_column css=&#8221;.vc_custom_1606748930612{margin-top: -140px !important;margin-left: 20px !important;}&#8221;][\/vc_column][\/vc_row][vc_row row_content_width=&#8221;grid&#8221; css=&#8221;.vc_custom_1606748660227{padding-left: 80px !important;}&#8221;][vc_column css=&#8221;.vc_custom_1606748981020{margin-top: -180px !important;margin-left: -20px !important;}&#8221;][\/vc_column][\/vc_row][vc_row css=&#8221;.vc_custom_1506436173091{padding-top: 26px !important;padding-left: 15px !important;}&#8221;][vc_column][\/vc_column][\/vc_row]<\/p>\n","protected":false},"author":2,"featured_media":0,"parent":0,"menu_order":0,"comment_status":"closed","ping_status":"closed","template":"full-width.php","meta":{"footnotes":""},"class_list":["post-7010","page","type-page","status-publish","hentry"],"_links":{"self":[{"href":"https:\/\/monstermovie.com.br\/light\/wp-json\/wp\/v2\/pages\/7010","targetHints":{"allow":["GET"]}}],"collection":[{"href":"https:\/\/monstermovie.com.br\/light\/wp-json\/wp\/v2\/pages"}],"about":[{"href":"https:\/\/monstermovie.com.br\/light\/wp-json\/wp\/v2\/types\/page"}],"author":[{"embeddable":true,"href":"https:\/\/monstermovie.com.br\/light\/wp-json\/wp\/v2\/users\/2"}],"replies":[{"embeddable":true,"href":"https:\/\/monstermovie.com.br\/light\/wp-json\/wp\/v2\/comments?post=7010"}],"version-history":[{"count":0,"href":"https:\/\/monstermovie.com.br\/light\/wp-json\/wp\/v2\/pages\/7010\/revisions"}],"wp:attachment":[{"href":"https:\/\/monstermovie.com.br\/light\/wp-json\/wp\/v2\/media?parent=7010"}],"curies":[{"name":"wp","href":"https:\/\/api.w.org\/{rel}","templated":true}]}}