{"id":6276,"date":"2020-09-05T17:12:24","date_gmt":"2020-09-05T17:12:24","guid":{"rendered":"http:\/\/monstermovie.com.br\/light\/?page_id=6276"},"modified":"2025-08-13T16:53:44","modified_gmt":"2025-08-13T19:53:44","slug":"jonathan-wolpert","status":"publish","type":"page","link":"https:\/\/monstermovie.com.br\/light\/jonathan-wolpert\/","title":{"rendered":"Jonathan Wolpert"},"content":{"rendered":"<div class=\"wpb-content-wrapper\"><p>[vc_row row_content_width=&#8221;grid&#8221; anchor=&#8221;home&#8221;][vc_column css=&#8221;.vc_custom_1606745009924{margin-top: -20px !important;}&#8221;]<div class=\"edgtf-parallax-holder\" data-parallax=\"{&quot;y&quot;: -40, &quot;smoothness&quot;: 20}\"><div class=\"edgtf-elements-holder   edgtf-one-column  edgtf-responsive-mode-768 \" ><div class=\"edgtf-eh-item   edgtf-horizontal-alignment-center \"  data-item-class=\"edgtf-eh-custom-8953\" data-1280-1600=\"95px 60px 0 60px\" data-1024-1280=\"60px 60px 0 60px\">\n\t<div class=\"edgtf-eh-item-inner\">\n\t\t<div class=\"edgtf-eh-item-content edgtf-eh-custom-8953\" >\n\t\t\t[rev_slider_vc alias=&#8221;jonathan-wolpert&#8221; enable_paspartu=&#8221;no&#8221;]\t\t<\/div>\n\t<\/div>\n<\/div><\/div><\/div>[\/vc_column][\/vc_row][vc_row row_content_width=&#8221;grid&#8221; anchor=&#8221;works&#8221; css=&#8221;.vc_custom_1605807061358{padding-top: 100px !important;}&#8221;][vc_column]<div class=\"edgtf-parallax-holder\" data-parallax=\"{&quot;y&quot;: -100, &quot;smoothness&quot;: 20}\"><div class=\"edgtf-elements-holder   edgtf-one-column  edgtf-responsive-mode-768 \" ><div class=\"edgtf-eh-item    \"  data-item-class=\"edgtf-eh-custom-9689\" data-1280-1600=\"0 60px 0 60px\" data-1024-1280=\"0 60px 0 60px\">\n\t<div class=\"edgtf-eh-item-inner\">\n\t\t<div class=\"edgtf-eh-item-content edgtf-eh-custom-9689\" style=\"padding: 0 0 0 0\">\n\t\t\t<div class=\"edgtf-section-title-holder  edgtf-st-standard edgtf-st-title-left edgtf-st-normal-space \" >\n\t<div class=\"edgtf-st-inner\">\n\t\t\t\t\t<h2 class=\"edgtf-st-title\" >\n\t\t\t\tJonathan Wolpert\t\t\t<\/h2>\n\t\t\t\t\t<\/div>\n<\/div>[vc_empty_space height=&#8221;30px&#8221;]<div class=\"edgtf-portfolio-list-holder edgtf-pl-gallery edgtf-normal-space edgtf-pl-two-columns edgtf-pl-standard-shader    edgtf-pl-pag-no-pagination      \"  data-type=\"gallery\" data-number-of-columns=\"2\" data-space-between-items=\"normal\" data-number-of-items=\"4\" data-image-proportions=\"square\" data-enable-fixed-proportions=\"no\" data-enable-image-shadow=\"no\" data-selected-projects=\"6281, 6282, 198271, 198277\" data-order-by=\"date\" data-order=\"ASC\" data-item-style=\"standard-shader\" data-enable-title=\"yes\" data-title-tag=\"h4\" data-enable-category=\"no\" data-enable-count-images=\"no\" data-enable-excerpt=\"no\" data-excerpt-length=\"20\" data-pagination-type=\"no-pagination\" data-filter=\"no\" data-filter-order-by=\"name\" data-enable-article-animation=\"no\" data-enable-parallax-animation=\"no\" data-portfolio-slider-on=\"no\" data-enable-loop=\"yes\" data-enable-autoplay=\"yes\" data-slider-speed=\"5000\" data-slider-speed-animation=\"600\" data-enable-navigation=\"yes\" data-enable-pagination=\"yes\" data-max-num-pages=\"1\" data-next-page=\"2\">\n\t\t<div class=\"edgtf-pl-inner edgtf-outer-space  clearfix\">\n\t\t<article class=\"edgtf-pl-item edgtf-item-space  post-6281 portfolio-item type-portfolio-item status-publish has-post-thumbnail hentry portfolio-tag-anavitoria portfolio-tag-camila-coelho portfolio-tag-carol-conka portfolio-tag-conka portfolio-tag-elle portfolio-tag-glamour portfolio-tag-jonathan portfolio-tag-lgbt portfolio-tag-lgbtqiap portfolio-tag-lucy-alves portfolio-tag-lucyalves portfolio-tag-luisa-sonza portfolio-tag-melissa portfolio-tag-schon portfolio-tag-sonza portfolio-tag-urias portfolio-tag-vogue portfolio-tag-wolpert\">\n\t<div class=\"edgtf-pl-item-inner\" >\n\t\t<div class=\"edgtf-pli-image\">\n\t<img loading=\"lazy\" decoding=\"async\" width=\"300\" height=\"450\" src=\"https:\/\/monstermovie.com.br\/light\/wp-content\/uploads\/2020\/09\/capa-ad-2.jpg\" class=\"attachment-penumbra_edge_square size-penumbra_edge_square wp-post-image\" alt=\"\" srcset=\"https:\/\/monstermovie.com.br\/light\/wp-content\/uploads\/2020\/09\/capa-ad-2.jpg 300w, https:\/\/monstermovie.com.br\/light\/wp-content\/uploads\/2020\/09\/capa-ad-2-200x300.jpg 200w\" sizes=\"auto, (max-width: 300px) 100vw, 300px\" \/><\/div><div class=\"edgtf-pli-text-holder\">\n\t<div class=\"edgtf-pli-text-wrapper\">\n\t\t<div class=\"edgtf-pli-text\">\n\t\t\t\t<h4 itemprop=\"name\" class=\"edgtf-pli-title entry-title\" >\n\t\tFashion &#038; Art\t<\/h4>\n\n\t\t\t\n\t\t\t\n\t\t\t\t\t<\/div>\n\t<\/div>\n<\/div>\n\t\t<a itemprop=\"url\" class=\"edgtf-pli-link edgtf-block-drag-link\" href=\"https:\/\/monstermovie.com.br\/light\/portfolio-item\/jonathan-wolpert-fashion-art\/\" target=\"_self\"><\/a>\n\t<\/div>\n<\/article><article class=\"edgtf-pl-item edgtf-item-space  post-6282 portfolio-item type-portfolio-item status-publish has-post-thumbnail hentry portfolio-category-branding\">\n\t<div class=\"edgtf-pl-item-inner\" >\n\t\t<div class=\"edgtf-pli-image\">\n\t<img loading=\"lazy\" decoding=\"async\" width=\"300\" height=\"420\" src=\"https:\/\/monstermovie.com.br\/light\/wp-content\/uploads\/2020\/09\/capa-ad-1.jpg\" class=\"attachment-penumbra_edge_square size-penumbra_edge_square wp-post-image\" alt=\"\" srcset=\"https:\/\/monstermovie.com.br\/light\/wp-content\/uploads\/2020\/09\/capa-ad-1.jpg 300w, https:\/\/monstermovie.com.br\/light\/wp-content\/uploads\/2020\/09\/capa-ad-1-214x300.jpg 214w\" sizes=\"auto, (max-width: 300px) 100vw, 300px\" \/><\/div><div class=\"edgtf-pli-text-holder\">\n\t<div class=\"edgtf-pli-text-wrapper\">\n\t\t<div class=\"edgtf-pli-text\">\n\t\t\t\t<h4 itemprop=\"name\" class=\"edgtf-pli-title entry-title\" >\n\t\tAD\t<\/h4>\n\n\t\t\t\n\t\t\t\n\t\t\t\t\t<\/div>\n\t<\/div>\n<\/div>\n\t\t<a itemprop=\"url\" class=\"edgtf-pli-link edgtf-block-drag-link\" href=\"https:\/\/monstermovie.com.br\/light\/portfolio-item\/jonathan-wolpert-ad\/\" target=\"_self\"><\/a>\n\t<\/div>\n<\/article><article class=\"edgtf-pl-item edgtf-item-space  post-198271 portfolio-item type-portfolio-item status-publish has-post-thumbnail hentry\">\n\t<div class=\"edgtf-pl-item-inner\" >\n\t\t<div class=\"edgtf-pli-image\">\n\t<img loading=\"lazy\" decoding=\"async\" width=\"300\" height=\"420\" src=\"https:\/\/monstermovie.com.br\/light\/wp-content\/uploads\/2022\/12\/capa-kids.jpg\" class=\"attachment-penumbra_edge_square size-penumbra_edge_square wp-post-image\" alt=\"\" srcset=\"https:\/\/monstermovie.com.br\/light\/wp-content\/uploads\/2022\/12\/capa-kids.jpg 300w, https:\/\/monstermovie.com.br\/light\/wp-content\/uploads\/2022\/12\/capa-kids-214x300.jpg 214w\" sizes=\"auto, (max-width: 300px) 100vw, 300px\" \/><\/div><div class=\"edgtf-pli-text-holder\">\n\t<div class=\"edgtf-pli-text-wrapper\">\n\t\t<div class=\"edgtf-pli-text\">\n\t\t\t\t<h4 itemprop=\"name\" class=\"edgtf-pli-title entry-title\" >\n\t\tKids\t<\/h4>\n\n\t\t\t\n\t\t\t\n\t\t\t\t\t<\/div>\n\t<\/div>\n<\/div>\n\t\t<a itemprop=\"url\" class=\"edgtf-pli-link edgtf-block-drag-link\" href=\"https:\/\/monstermovie.com.br\/light\/portfolio-item\/jonathan-wolpert-kids\/\" target=\"_self\"><\/a>\n\t<\/div>\n<\/article><article class=\"edgtf-pl-item edgtf-item-space  post-198277 portfolio-item type-portfolio-item status-publish has-post-thumbnail hentry\">\n\t<div class=\"edgtf-pl-item-inner\" >\n\t\t<div class=\"edgtf-pli-image\">\n\t<img loading=\"lazy\" decoding=\"async\" width=\"300\" height=\"420\" src=\"https:\/\/monstermovie.com.br\/light\/wp-content\/uploads\/2022\/12\/stills.jpg\" class=\"attachment-penumbra_edge_square size-penumbra_edge_square wp-post-image\" alt=\"\" srcset=\"https:\/\/monstermovie.com.br\/light\/wp-content\/uploads\/2022\/12\/stills.jpg 300w, https:\/\/monstermovie.com.br\/light\/wp-content\/uploads\/2022\/12\/stills-214x300.jpg 214w\" sizes=\"auto, (max-width: 300px) 100vw, 300px\" \/><\/div><div class=\"edgtf-pli-text-holder\">\n\t<div class=\"edgtf-pli-text-wrapper\">\n\t\t<div class=\"edgtf-pli-text\">\n\t\t\t\t<h4 itemprop=\"name\" class=\"edgtf-pli-title entry-title\" >\n\t\tStill\t<\/h4>\n\n\t\t\t\n\t\t\t\n\t\t\t\t\t<\/div>\n\t<\/div>\n<\/div>\n\t\t<a itemprop=\"url\" class=\"edgtf-pli-link edgtf-block-drag-link\" href=\"https:\/\/monstermovie.com.br\/light\/portfolio-item\/jonathan-wolpert-still\/\" target=\"_self\"><\/a>\n\t<\/div>\n<\/article>\t<\/div>\n\t\n\t<\/div>\t\t<\/div>\n\t<\/div>\n<\/div><\/div><\/div>[\/vc_column][\/vc_row][vc_row row_content_width=&#8221;grid&#8221; css=&#8221;.vc_custom_1506334652786{padding-top: 110px !important;}&#8221; anchor=&#8221;about&#8221;][vc_column]<div class=\"edgtf-parallax-holder\" data-parallax=\"{&quot;y&quot;: -100, &quot;smoothness&quot;: 20}\"><div class=\"edgtf-elements-holder   edgtf-one-column  edgtf-responsive-mode-768 \" ><div class=\"edgtf-eh-item    \"  data-item-class=\"edgtf-eh-custom-9604\" data-1280-1600=\"0 0px 0 60px\" data-1024-1280=\"0 0px 0 60px\">\n\t<div class=\"edgtf-eh-item-inner\">\n\t\t<div class=\"edgtf-eh-item-content edgtf-eh-custom-9604\" style=\"padding: 0 0 0 0\">\n\t\t\t<div class=\"edgtf-background-subtitle edgtf-align-right edgtf-bs-parallax-yes\" style=\"font-size: 270px\">\n\t<div class=\"edgtf-bs-inner\" data-parallax=\"{&quot;y&quot;: 200, &quot;smoothness&quot;: 10}\">\n\t    Jonathan Wolpert\t<\/div>\n<\/div>\t\t<\/div>\n\t<\/div>\n<\/div><\/div>[vc_row_inner row_content_width=&#8221;grid&#8221;][vc_column_inner css=&#8221;.vc_custom_1606484201257{margin-top: -60px !important;margin-left: -10px !important;}&#8221;]<div class=\"edgtf-elements-holder   edgtf-one-column  edgtf-responsive-mode-768 \" ><div class=\"edgtf-eh-item    \"  data-item-class=\"edgtf-eh-custom-3301\" data-1280-1600=\"13px 61% 0 60px\" data-1024-1280=\"13px 61% 0 60px\" data-768-1024=\"13px 49% 0 0\" data-680-768=\"13px 35% 0 0\" data-680=\"0px 11% 0px 0\">\n\t<div class=\"edgtf-eh-item-inner\">\n\t\t<div class=\"edgtf-eh-item-content edgtf-eh-custom-3301\" style=\"padding: 10px 73% 0 0\">\n\t\t\t[vc_column_text]<\/p>\n<h2>Jonathan Wolpert<\/h2>\n<p>[\/vc_column_text]\t\t<\/div>\n\t<\/div>\n<\/div><\/div>[\/vc_column_inner][\/vc_row_inner][vc_row_inner][vc_column_inner offset=&#8221;vc_col-lg-4 vc_col-md-4&#8243;]<div class=\"edgtf-elements-holder   edgtf-one-column  edgtf-responsive-mode-768 \" ><div class=\"edgtf-eh-item    \"  data-item-class=\"edgtf-eh-custom-5785\" data-1280-1600=\"0 0px 0 60px\" data-1024-1280=\"0 0px 0 60px\" data-768-1024=\"0 0px 0 0\" data-680-768=\"0 0px 0 0\" data-680=\"0 0px 0 0\">\n\t<div class=\"edgtf-eh-item-inner\">\n\t\t<div class=\"edgtf-eh-item-content edgtf-eh-custom-5785\" style=\"padding: 0 69px 0 0\">\n\t\t\t[vc_empty_space height=&#8221;35px&#8221;][vc_column_text]<span style=\"color: #000000; font-family: roboto;\"><span style=\"letter-spacing: 5px;\">SOBRE<\/span><\/span>[\/vc_column_text][vc_column_text]<\/p>\n<p dir=\"ltr\">O fot\u00f3grafo Jonathan Wolpert, pernambucano radicado em S\u00e3o Paulo, vem se consolidando como um dos nomes mais potentes da fotografia de moda no Brasil. Com quase duas d\u00e9cadas de carreira, ele \u00e9 agenciado pela Monster Movie e tamb\u00e9m integra o time criativo do reality show Werk It, onde assina as fotografias oficiais do programa.<\/p>\n<p dir=\"ltr\">Movido pela paix\u00e3o pelo surrealismo e pelo rico patrim\u00f4nio cultural do Nordeste do pa\u00eds, combina essas influ\u00eancias para criar imagens que parecem ao mesmo tempo on\u00edricas e profundamente enraizadas na narrativa visual.<br \/>\nSeu olhar \u00fanico j\u00e1 foi destaque em publica\u00e7\u00f5es como Vogue Portugal, Vogue Brasil, Vogue Philippines,\u00a0 Num\u00e9ro Netherlands, Num\u00e9ro Switzerland, Pap, Sch\u00f6n Magazine, Tush magazine, Glamour, FFW, L&#8217;Officiel, Elle, entre outras.<br \/>\nAl\u00e9m dos editoriais e campanhas, Jonathan fotografou nomes de peso da m\u00fasica e da cultura pop brasileira, como Lu\u00edsa Sonza, Camila Queir\u00f3z, Karol Conk\u00e1, Lucy Ramos, Manu Gavassi, Dira Paes, Samela Sater\u00e9 Maw\u00e9, Anavit\u00f3ria, Silva, Romulo Estrela, entre outros.<\/p>\n<p dir=\"ltr\">Com um olhar sens\u00edvel, t\u00e9cnico e inventivo, Jonathan Wolpert segue ultrapassando os limites da linguagem visual e se destacando como uma voz relevante na constru\u00e7\u00e3o da est\u00e9tica contempor\u00e2nea.<\/p>\n<p>[\/vc_column_text]\t\t<\/div>\n\t<\/div>\n<\/div><\/div>[\/vc_column_inner][vc_column_inner offset=&#8221;vc_col-lg-4 vc_col-md-4&#8243;][\/vc_column_inner][\/vc_row_inner]<\/div>[\/vc_column][\/vc_row][vc_row content_text_aligment=&#8221;center&#8221;][vc_column][vc_column_text]\u00a9 2020 Monster Movie n&#8217; Mgmt &#8211; All Rights Reserved[\/vc_column_text][\/vc_column][\/vc_row]<\/p>\n<\/div>","protected":false},"excerpt":{"rendered":"<p>[vc_row row_content_width=&#8221;grid&#8221; anchor=&#8221;home&#8221;][vc_column css=&#8221;.vc_custom_1606745009924{margin-top: -20px !important;}&#8221;][\/vc_column][\/vc_row][vc_row row_content_width=&#8221;grid&#8221; anchor=&#8221;works&#8221; css=&#8221;.vc_custom_1605807061358{padding-top: 100px !important;}&#8221;][vc_column][\/vc_column][\/vc_row][vc_row row_content_width=&#8221;grid&#8221; css=&#8221;.vc_custom_1506334652786{padding-top: 110px !important;}&#8221; anchor=&#8221;about&#8221;][vc_column][\/vc_column][\/vc_row][vc_row content_text_aligment=&#8221;center&#8221;][vc_column][vc_column_text]\u00a9 2020 Monster Movie n&#8217; Mgmt &#8211; All Rights Reserved[\/vc_column_text][\/vc_column][\/vc_row]<\/p>\n","protected":false},"author":2,"featured_media":0,"parent":0,"menu_order":0,"comment_status":"closed","ping_status":"closed","template":"full-width.php","meta":{"footnotes":""},"class_list":["post-6276","page","type-page","status-publish","hentry"],"_links":{"self":[{"href":"https:\/\/monstermovie.com.br\/light\/wp-json\/wp\/v2\/pages\/6276","targetHints":{"allow":["GET"]}}],"collection":[{"href":"https:\/\/monstermovie.com.br\/light\/wp-json\/wp\/v2\/pages"}],"about":[{"href":"https:\/\/monstermovie.com.br\/light\/wp-json\/wp\/v2\/types\/page"}],"author":[{"embeddable":true,"href":"https:\/\/monstermovie.com.br\/light\/wp-json\/wp\/v2\/users\/2"}],"replies":[{"embeddable":true,"href":"https:\/\/monstermovie.com.br\/light\/wp-json\/wp\/v2\/comments?post=6276"}],"version-history":[{"count":6,"href":"https:\/\/monstermovie.com.br\/light\/wp-json\/wp\/v2\/pages\/6276\/revisions"}],"predecessor-version":[{"id":317834,"href":"https:\/\/monstermovie.com.br\/light\/wp-json\/wp\/v2\/pages\/6276\/revisions\/317834"}],"wp:attachment":[{"href":"https:\/\/monstermovie.com.br\/light\/wp-json\/wp\/v2\/media?parent=6276"}],"curies":[{"name":"wp","href":"https:\/\/api.w.org\/{rel}","templated":true}]}}