{"id":22377,"date":"2022-01-24T13:41:59","date_gmt":"2022-01-24T13:41:59","guid":{"rendered":"https:\/\/monstermovie.com.br\/light\/?page_id=22377"},"modified":"2022-01-24T13:56:46","modified_gmt":"2022-01-24T13:56:46","slug":"guilherme-rex","status":"publish","type":"page","link":"https:\/\/monstermovie.com.br\/light\/guilherme-rex\/","title":{"rendered":"Guilherme Rex"},"content":{"rendered":"<div class=\"wpb-content-wrapper\"><p>[vc_row el_class=&#8221;director&#8221;][vc_column width=&#8221;1\/4&#8243; css=&#8221;.vc_custom_1606133149507{padding-left: 150px !important;}&#8221;][vc_column_text]<\/p>\n<h2 style=\"text-align: left;\"><strong>Guilherme Rex<\/strong><\/h2>\n<p>[\/vc_column_text][vc_single_image image=&#8221;22379&#8243; img_size=&#8221;100&#215;100&#8243; style=&#8221;vc_box_rounded&#8221; css=&#8221;.vc_custom_1643028380992{margin-top: 30px !important;margin-right: 35px !important;margin-bottom: 30px !important;}&#8221;][vc_column_text]Diretor de Arte por forma\u00e7\u00e3o, Guilherme \u00e9 um criativo apaixonado por constru\u00e7\u00e3o de conceito, imagens e conversas. Estudou design gr\u00e1fico e posteriormente se especializou em um curso na Mastered de Londres sob a dire\u00e7\u00e3o de Fabien Baron, um dos mais renomados diretores criativos da \u00e1rea.\u00a0 Diretor de Cria\u00e7\u00e3o e conte\u00fado com mais de 20 anos de experi\u00eancia no mercado de ag\u00eancias (DM9, Grey, Paim) j\u00e1 trabalhou para marcas nacionais e internacionais com trabalhos selecionados nos maiores festivais de publicidade do mundo como Cannes Lions, Clube de Cria\u00e7\u00e3o e Effie Awards.<\/p>\n<p>Ao longo de sua carreira desenvolveu um olhar \u00fanico para moda e beleza dentro da publicidade, atendendo clientes como C&amp;A, Renner, Pantene, Aussie, Gillette, Neutrogena e outras.<\/p>\n<p>Foi Diretor de Cria\u00e7\u00e3o do BeautyHub da Grey que atendia as marcas de beleza da P&amp;G como: Pantene, Aussie, Head &amp; Shoulders, Gillette, Downy\u00a0 e nesse n\u00facleo liderou uma equipe de 12 criativos e posteriormente tamb\u00e9m assumiu a \u00e1rea de conte\u00fado da ag\u00eancia, desenvolvendo campanhas para todos os clientes da America Latina.<\/p>\n<p>Fundou a Amuse-Mag uma plataforma digital que evidencia a criatividade de fot\u00f3grafos e filmakers do mundo todo.[\/vc_column_text][\/vc_column][vc_column width=&#8221;3\/4&#8243; css=&#8221;.vc_custom_1605817881150{background-position: center !important;background-repeat: no-repeat !important;background-size: contain !important;}&#8221;][vc_video link=&#8221;https:\/\/vimeo.com\/668346697&#8243;][\/vc_column][\/vc_row]<\/p>\n<\/div>","protected":false},"excerpt":{"rendered":"<p>[vc_row el_class=&#8221;director&#8221;][vc_column width=&#8221;1\/4&#8243; css=&#8221;.vc_custom_1606133149507{padding-left: 150px !important;}&#8221;][vc_column_text] Guilherme Rex [\/vc_column_text][vc_single_image image=&#8221;22379&#8243; img_size=&#8221;100&#215;100&#8243; style=&#8221;vc_box_rounded&#8221; css=&#8221;.vc_custom_1643028380992{margin-top: 30px !important;margin-right: 35px !important;margin-bottom: 30px !important;}&#8221;][vc_column_text]Diretor de Arte por forma\u00e7\u00e3o, Guilherme \u00e9 um criativo apaixonado por constru\u00e7\u00e3o de conceito, imagens e conversas. Estudou design gr\u00e1fico e posteriormente [&hellip;]<\/p>\n","protected":false},"author":2,"featured_media":0,"parent":0,"menu_order":0,"comment_status":"closed","ping_status":"closed","template":"full-width.php","meta":{"footnotes":""},"class_list":["post-22377","page","type-page","status-publish","hentry"],"_links":{"self":[{"href":"https:\/\/monstermovie.com.br\/light\/wp-json\/wp\/v2\/pages\/22377","targetHints":{"allow":["GET"]}}],"collection":[{"href":"https:\/\/monstermovie.com.br\/light\/wp-json\/wp\/v2\/pages"}],"about":[{"href":"https:\/\/monstermovie.com.br\/light\/wp-json\/wp\/v2\/types\/page"}],"author":[{"embeddable":true,"href":"https:\/\/monstermovie.com.br\/light\/wp-json\/wp\/v2\/users\/2"}],"replies":[{"embeddable":true,"href":"https:\/\/monstermovie.com.br\/light\/wp-json\/wp\/v2\/comments?post=22377"}],"version-history":[{"count":0,"href":"https:\/\/monstermovie.com.br\/light\/wp-json\/wp\/v2\/pages\/22377\/revisions"}],"wp:attachment":[{"href":"https:\/\/monstermovie.com.br\/light\/wp-json\/wp\/v2\/media?parent=22377"}],"curies":[{"name":"wp","href":"https:\/\/api.w.org\/{rel}","templated":true}]}}