{"id":120784,"date":"2022-07-04T16:05:59","date_gmt":"2022-07-04T16:05:59","guid":{"rendered":"https:\/\/monstermovie.com.br\/light\/?page_id=120784"},"modified":"2024-06-05T14:43:11","modified_gmt":"2024-06-05T17:43:11","slug":"fernando-tavares","status":"publish","type":"page","link":"https:\/\/monstermovie.com.br\/light\/fernando-tavares\/","title":{"rendered":""},"content":{"rendered":"<div class=\"wpb-content-wrapper\"><p>[vc_row el_class=&#8221;director&#8221;][vc_column width=&#8221;1\/4&#8243; css=&#8221;.vc_custom_1605815124546{padding-left: 150px !important;}&#8221;][vc_column_text]<\/p>\n<h2 style=\"text-align: left;\"><strong>Fernando Tavares<\/strong><\/h2>\n<p>[\/vc_column_text][vc_single_image image=&#8221;120944&#8243; img_size=&#8221;100&#215;100&#8243; style=&#8221;vc_box_rounded&#8221; css=&#8221;.vc_custom_1656961705062{margin-top: 30px !important;margin-right: 35px !important;margin-bottom: 30px !important;}&#8221;][vc_column_text]<\/p>\n<div style=\"text-align: left;\">\n<p>Natural de S\u00e3o Paulo, Fernando Tavares \u00e9 um apaixonado confesso pelas artes, em qualquer de suas formas. Desde a pintura, hobby que pratica ao lado da filha de 9 anos, at\u00e9 o storytelling visual que imprime em seus trabalhos.<\/p>\n<p>Aos 38 anos de idade, formado desde 2011 em Produ\u00e7\u00e3o audiovisual, Fernando atua no mercado nacional desde 2013 e seus trabalhos s\u00e3o a combina\u00e7\u00e3o org\u00e2nica de uma vis\u00e3o est\u00e9tica, aut\u00eantica e sentimental, decorrentes de sua habilidade natural de compreender as necessidades especificas de cada projeto, mesclando-as com suas id\u00e9ias e percep\u00e7\u00f5es, o que possibilita uma entrega \u00fanica e artisticamente satisfat\u00f3ria.<\/p>\n<p>Anitta, Maria Rita, Karol Conk\u00e1, Mar\u00edlia Mendon\u00e7a, Matheus e Kauan, Alessandra Ambr\u00f3sio, Grazi Massafera, Thiaguinho, Isabelli Fontana e Sabrina Sato s\u00e3o apenas alguns dos nomes com quem Fernando j\u00e1 trabalhou.<\/p>\n<\/div>\n<p>[\/vc_column_text][\/vc_column][vc_column width=&#8221;3\/4&#8243; css=&#8221;.vc_custom_1605817822842{background-position: center !important;background-repeat: no-repeat !important;background-size: contain !important;}&#8221;][vc_video link=&#8221;https:\/\/vimeo.com\/950045901&#8243;][\/vc_column][\/vc_row]<\/p>\n<\/div>","protected":false},"excerpt":{"rendered":"<p>[vc_row el_class=&#8221;director&#8221;][vc_column width=&#8221;1\/4&#8243; css=&#8221;.vc_custom_1605815124546{padding-left: 150px !important;}&#8221;][vc_column_text] Fernando Tavares [\/vc_column_text][vc_single_image image=&#8221;120944&#8243; img_size=&#8221;100&#215;100&#8243; style=&#8221;vc_box_rounded&#8221; css=&#8221;.vc_custom_1656961705062{margin-top: 30px !important;margin-right: 35px !important;margin-bottom: 30px !important;}&#8221;][vc_column_text] Natural de S\u00e3o Paulo, Fernando Tavares \u00e9 um apaixonado confesso pelas artes, em qualquer de suas formas. Desde a pintura, hobby [&hellip;]<\/p>\n","protected":false},"author":2,"featured_media":0,"parent":0,"menu_order":0,"comment_status":"closed","ping_status":"closed","template":"full-width.php","meta":{"footnotes":""},"class_list":["post-120784","page","type-page","status-publish","hentry"],"_links":{"self":[{"href":"https:\/\/monstermovie.com.br\/light\/wp-json\/wp\/v2\/pages\/120784","targetHints":{"allow":["GET"]}}],"collection":[{"href":"https:\/\/monstermovie.com.br\/light\/wp-json\/wp\/v2\/pages"}],"about":[{"href":"https:\/\/monstermovie.com.br\/light\/wp-json\/wp\/v2\/types\/page"}],"author":[{"embeddable":true,"href":"https:\/\/monstermovie.com.br\/light\/wp-json\/wp\/v2\/users\/2"}],"replies":[{"embeddable":true,"href":"https:\/\/monstermovie.com.br\/light\/wp-json\/wp\/v2\/comments?post=120784"}],"version-history":[{"count":1,"href":"https:\/\/monstermovie.com.br\/light\/wp-json\/wp\/v2\/pages\/120784\/revisions"}],"predecessor-version":[{"id":317533,"href":"https:\/\/monstermovie.com.br\/light\/wp-json\/wp\/v2\/pages\/120784\/revisions\/317533"}],"wp:attachment":[{"href":"https:\/\/monstermovie.com.br\/light\/wp-json\/wp\/v2\/media?parent=120784"}],"curies":[{"name":"wp","href":"https:\/\/api.w.org\/{rel}","templated":true}]}}