{"id":12014,"date":"2021-07-06T13:44:34","date_gmt":"2021-07-06T13:44:34","guid":{"rendered":"https:\/\/monstermovie.com.br\/light\/?page_id=12014"},"modified":"2024-08-02T16:10:16","modified_gmt":"2024-08-02T19:10:16","slug":"mao-ambrosio","status":"publish","type":"page","link":"https:\/\/monstermovie.com.br\/light\/mao-ambrosio\/","title":{"rendered":"Mao Ambrosio"},"content":{"rendered":"<div class=\"wpb-content-wrapper\"><p>[vc_row el_class=&#8221;director&#8221;][vc_column width=&#8221;1\/4&#8243; css=&#8221;.vc_custom_1606316137984{padding-left: 150px !important;}&#8221;][vc_column_text]<\/p>\n<h2 style=\"text-align: left;\"><strong>Mao Ambrosio<\/strong><\/h2>\n<p>[\/vc_column_text][vc_single_image image=&#8221;8872&#8243; img_size=&#8221;100&#215;100&#8243; style=&#8221;vc_box_rounded&#8221; css=&#8221;.vc_custom_1625582344289{margin-top: 30px !important;margin-right: 35px !important;margin-bottom: 30px !important;}&#8221;][vc_column_text]Com s\u00f3lidos conhecimentos em composi\u00e7\u00e3o, efeitos, p\u00f3s-produ\u00e7\u00e3o, finaliza\u00e7\u00e3o em after effects e anima\u00e7\u00e3o de personagens, Mao Ambr\u00f3sio atua como animador digital, Motion Designer e p\u00f3s-produtor de VFX (visual Effects) com total dom\u00ednio em After Effects, DUIK e AEscripts (cameras, script e efeitos). Seu trabalho perfeccionista j\u00e1 o permitiu colaborar com campanhas publicit\u00e1rias de grandes nomes do mercado nacional e internacional como Alok (Abertura do show do Rock n&#8217;Rio) Fanta, B.Blend, TNT Energy Drink, Gnt Fashion, MTV e 2WTOP (Emissora de r\u00e1dio de Washington).[\/vc_column_text][\/vc_column][vc_column width=&#8221;3\/4&#8243; css=&#8221;.vc_custom_1606316242516{margin-top: 100px !important;background-position: center !important;background-repeat: no-repeat !important;background-size: contain !important;}&#8221;][vc_video link=&#8221;https:\/\/vimeo.com\/410788973&#8243;][\/vc_column][\/vc_row]<\/p>\n<\/div>","protected":false},"excerpt":{"rendered":"<p>[vc_row el_class=&#8221;director&#8221;][vc_column width=&#8221;1\/4&#8243; css=&#8221;.vc_custom_1606316137984{padding-left: 150px !important;}&#8221;][vc_column_text] Mao Ambrosio [\/vc_column_text][vc_single_image image=&#8221;8872&#8243; img_size=&#8221;100&#215;100&#8243; style=&#8221;vc_box_rounded&#8221; css=&#8221;.vc_custom_1625582344289{margin-top: 30px !important;margin-right: 35px !important;margin-bottom: 30px !important;}&#8221;][vc_column_text]Com s\u00f3lidos conhecimentos em composi\u00e7\u00e3o, efeitos, p\u00f3s-produ\u00e7\u00e3o, finaliza\u00e7\u00e3o em after effects e anima\u00e7\u00e3o de personagens, Mao Ambr\u00f3sio atua como animador digital, Motion [&hellip;]<\/p>\n","protected":false},"author":2,"featured_media":0,"parent":0,"menu_order":0,"comment_status":"closed","ping_status":"closed","template":"full-width.php","meta":{"footnotes":""},"class_list":["post-12014","page","type-page","status-publish","hentry"],"_links":{"self":[{"href":"https:\/\/monstermovie.com.br\/light\/wp-json\/wp\/v2\/pages\/12014","targetHints":{"allow":["GET"]}}],"collection":[{"href":"https:\/\/monstermovie.com.br\/light\/wp-json\/wp\/v2\/pages"}],"about":[{"href":"https:\/\/monstermovie.com.br\/light\/wp-json\/wp\/v2\/types\/page"}],"author":[{"embeddable":true,"href":"https:\/\/monstermovie.com.br\/light\/wp-json\/wp\/v2\/users\/2"}],"replies":[{"embeddable":true,"href":"https:\/\/monstermovie.com.br\/light\/wp-json\/wp\/v2\/comments?post=12014"}],"version-history":[{"count":2,"href":"https:\/\/monstermovie.com.br\/light\/wp-json\/wp\/v2\/pages\/12014\/revisions"}],"predecessor-version":[{"id":317578,"href":"https:\/\/monstermovie.com.br\/light\/wp-json\/wp\/v2\/pages\/12014\/revisions\/317578"}],"wp:attachment":[{"href":"https:\/\/monstermovie.com.br\/light\/wp-json\/wp\/v2\/media?parent=12014"}],"curies":[{"name":"wp","href":"https:\/\/api.w.org\/{rel}","templated":true}]}}