{"id":11425,"date":"2021-02-18T18:32:19","date_gmt":"2021-02-18T18:32:19","guid":{"rendered":"https:\/\/monstermovie.com.br\/light\/?page_id=11425"},"modified":"2025-01-31T18:12:04","modified_gmt":"2025-01-31T21:12:04","slug":"scoz","status":"publish","type":"page","link":"https:\/\/monstermovie.com.br\/light\/scoz\/","title":{"rendered":"Scoz"},"content":{"rendered":"<div class=\"wpb-content-wrapper\"><p>[vc_row el_class=&#8221;director&#8221;][vc_column width=&#8221;1\/4&#8243; css=&#8221;.vc_custom_1605815001335{padding-left: 150px !important;}&#8221;][vc_column_text]<\/p>\n<h2 style=\"text-align: left;\"><strong>Scoz<\/strong><\/h2>\n<p>[\/vc_column_text][vc_single_image image=&#8221;11430&#8243; img_size=&#8221;100&#215;100&#8243; style=&#8221;vc_box_rounded&#8221; css=&#8221;.vc_custom_1613669881568{margin-top: 30px !important;margin-right: 35px !important;margin-bottom: 30px !important;}&#8221;][vc_column_text]<\/p>\n<div style=\"text-align: left;\">\n<p>Com um olhar refinado e uma est\u00e9tica moderna,\u00a0<strong>Scoz<\/strong>\u00a0traduz a energia da nova gera\u00e7\u00e3o do audiovisual em imagens din\u00e2micas e \u00fanicas. Diretor e editor catarinense, ele iniciou sua trajet\u00f3ria na fotografia e em 2018 decidiu trocar o sul do pa\u00eds por S\u00e3o Paulo e mergulhou de vez no universo audiovisual, explorando diferentes \u00e1reas como moda, publicidade, videoclipes e projetos autorais.<\/p>\n<p>Sua assinatura visual \u00e9 marcada pela fus\u00e3o entre t\u00e9cnica e instinto, criando narrativas que capturam a ess\u00eancia do contempor\u00e2neo sem perder a sofistica\u00e7\u00e3o. Com um olhar e dom\u00ednio preciso da linguagem audiovisual, Scoz desenvolveu um estilo que transita com fluidez entre diferentes plataformas e formatos. Esse equil\u00edbrio entre apelo art\u00edstico e comercial rapidamente chamou a aten\u00e7\u00e3o de grandes marcas do mercado, resultando em colabora\u00e7\u00f5es ic\u00f4nicas para <strong>Elle, Ellus, Hugo Boss, 2nd Floor, MTV, Arezzo, Puma, Nestl\u00e9, \u00a0Melissa, Glamour<\/strong>\u00a0entre outras.<\/p>\n<p>Mais do que apenas criar imagens, Scoz constr\u00f3i atmosferas visuais que dialogam com a identidade de cada projeto. Seu dom\u00ednio da luz, do movimento de c\u00e2mera e da composi\u00e7\u00e3o faz com que cada quadro se torne parte de uma narrativa envolvente. Com um olhar sempre atento \u00e0s tend\u00eancias e \u00e0s novas linguagens visuais, ele combina elementos da est\u00e9tica digital com refer\u00eancias cinematogr\u00e1ficas, criando um estilo \u00fanico que conecta o p\u00fablico de forma instintiva e poderosa.<\/p>\n<p>No universo pop, sua c\u00e2mera j\u00e1 capturou a ess\u00eancia e a personalidade de \u00edcones como\u00a0<strong>Pabllo Vittar, Ludmilla, Sasha Meneghel, Bruna Marquezine, Urias, Xuxa, e Maisa<\/strong>\u00a0, consolidando-se como um diretor que entende e potencializa a imagem de grandes artistas. Sempre em busca de inova\u00e7\u00e3o e novas formas de contar hist\u00f3rias, Scoz segue expandindo os limites do storytelling visual e reafirmando seu lugar como uma das vozes mais relevantes da nova cena audiovisual.<\/p>\n<\/div>\n<p>[\/vc_column_text][\/vc_column][vc_column width=&#8221;3\/4&#8243; css=&#8221;.vc_custom_1606575599419{background-position: center !important;background-repeat: no-repeat !important;background-size: contain !important;}&#8221;][vc_video link=&#8221;https:\/\/vimeo.com\/950869839&#8243;][\/vc_column][\/vc_row]<\/p>\n<\/div>","protected":false},"excerpt":{"rendered":"<p>[vc_row el_class=&#8221;director&#8221;][vc_column width=&#8221;1\/4&#8243; css=&#8221;.vc_custom_1605815001335{padding-left: 150px !important;}&#8221;][vc_column_text] Scoz [\/vc_column_text][vc_single_image image=&#8221;11430&#8243; img_size=&#8221;100&#215;100&#8243; style=&#8221;vc_box_rounded&#8221; css=&#8221;.vc_custom_1613669881568{margin-top: 30px !important;margin-right: 35px !important;margin-bottom: 30px !important;}&#8221;][vc_column_text] Com um olhar refinado e uma est\u00e9tica moderna,\u00a0Scoz\u00a0traduz a energia da nova gera\u00e7\u00e3o do audiovisual em imagens din\u00e2micas e \u00fanicas. Diretor e [&hellip;]<\/p>\n","protected":false},"author":2,"featured_media":0,"parent":0,"menu_order":0,"comment_status":"closed","ping_status":"closed","template":"full-width.php","meta":{"footnotes":""},"class_list":["post-11425","page","type-page","status-publish","hentry"],"_links":{"self":[{"href":"https:\/\/monstermovie.com.br\/light\/wp-json\/wp\/v2\/pages\/11425","targetHints":{"allow":["GET"]}}],"collection":[{"href":"https:\/\/monstermovie.com.br\/light\/wp-json\/wp\/v2\/pages"}],"about":[{"href":"https:\/\/monstermovie.com.br\/light\/wp-json\/wp\/v2\/types\/page"}],"author":[{"embeddable":true,"href":"https:\/\/monstermovie.com.br\/light\/wp-json\/wp\/v2\/users\/2"}],"replies":[{"embeddable":true,"href":"https:\/\/monstermovie.com.br\/light\/wp-json\/wp\/v2\/comments?post=11425"}],"version-history":[{"count":10,"href":"https:\/\/monstermovie.com.br\/light\/wp-json\/wp\/v2\/pages\/11425\/revisions"}],"predecessor-version":[{"id":317801,"href":"https:\/\/monstermovie.com.br\/light\/wp-json\/wp\/v2\/pages\/11425\/revisions\/317801"}],"wp:attachment":[{"href":"https:\/\/monstermovie.com.br\/light\/wp-json\/wp\/v2\/media?parent=11425"}],"curies":[{"name":"wp","href":"https:\/\/api.w.org\/{rel}","templated":true}]}}